{"id":164,"date":"2025-02-06T10:44:13","date_gmt":"2025-02-06T09:44:13","guid":{"rendered":"https:\/\/knmskrei.no\/?page_id=164"},"modified":"2025-05-30T12:31:33","modified_gmt":"2025-05-30T11:31:33","slug":"kontruktorene","status":"publish","type":"page","link":"https:\/\/knmskrei.no\/?page_id=164","title":{"rendered":"Konstrukt\u00f8rene"},"content":{"rendered":"\n<div class=\"wp-block-buttons is-layout-flex wp-block-buttons-is-layout-flex\">\n<div class=\"wp-block-button\"><a class=\"wp-block-button__link wp-element-button\" href=\"https:\/\/knmskrei.no\/\">Hjem<\/a><\/div>\n\n\n\n<div class=\"wp-block-button\"><a class=\"wp-block-button__link wp-element-button\" href=\"https:\/\/knmskrei.no\/?page_id=73\">Historien<\/a><\/div>\n\n\n\n<div class=\"wp-block-button\"><a class=\"wp-block-button__link wp-element-button\" href=\"https:\/\/knmskrei.no\/?page_id=65\">Om oss<\/a><\/div>\n\n\n\n<div class=\"wp-block-button\"><a class=\"wp-block-button__link wp-element-button\" href=\"https:\/\/knmskrei.no\/?page_id=80\">St\u00f8tte?<\/a><\/div>\n\n\n\n<div class=\"wp-block-button\"><a class=\"wp-block-button__link has-text-align-center wp-element-button\" href=\"https:\/\/knmskrei.no\/?page_id=155\">Media<\/a><\/div>\n\n\n\n<div class=\"wp-block-button\"><a class=\"wp-block-button__link wp-element-button\" href=\"https:\/\/knmskrei.no\/?page_id=164\">Konstrukt\u00f8rene<\/a><\/div>\n\n\n\n<div class=\"wp-block-button\"><a class=\"wp-block-button__link wp-element-button\" href=\"https:\/\/knmskrei.no\/?page_id=174\">B\u00e5tbyggeren<\/a><\/div>\n\n\n\n<div class=\"wp-block-button\"><a class=\"wp-block-button__link wp-element-button\" href=\"https:\/\/knmskrei.no\/?page_id=270\">Marin Historikk<\/a><\/div>\n<\/div>\n\n\n\n<div class=\"wp-block-group alignfull has-accent-2-background-color has-background has-global-padding is-layout-constrained wp-container-core-group-is-layout-669513ed wp-block-group-is-layout-constrained\" style=\"margin-top:0;margin-bottom:0;padding-top:var(--wp--preset--spacing--50);padding-right:var(--wp--preset--spacing--50);padding-bottom:var(--wp--preset--spacing--50);padding-left:var(--wp--preset--spacing--50)\">\n<div class=\"wp-block-columns alignwide is-layout-flex wp-container-core-columns-is-layout-28f84493 wp-block-columns-is-layout-flex\">\n<div class=\"wp-block-column is-layout-flow wp-block-column-is-layout-flow\" style=\"flex-basis:40%\"><\/div>\n\n\n\n<div class=\"wp-block-column is-layout-flow wp-block-column-is-layout-flow\" style=\"flex-basis:60%\">\n<p class=\"has-heading-font-family has-large-font-size\" style=\"line-height:1.2\">KNM Skrei og Nasty hadde ikke v\u00e6rt til uten konstrukt\u00f8rene.<\/p>\n\n\n\n<p class=\"has-heading-font-family has-large-font-size\" style=\"line-height:1.2\">Under ser du utdrag fra b\u00f8kene om Jan Herman Linge og Kommand\u00f8rkaptein Harald Henriksen.<\/p>\n\n\n\n<p><\/p>\n<\/div>\n<\/div>\n\n\n\n<div class=\"wp-block-columns is-layout-flex wp-container-core-columns-is-layout-28f84493 wp-block-columns-is-layout-flex\">\n<div class=\"wp-block-column is-layout-flow wp-block-column-is-layout-flow\" style=\"flex-basis:100%\">\n<div class=\"wp-block-group is-nowrap is-layout-flex wp-container-core-group-is-layout-6c531013 wp-block-group-is-layout-flex\">\n<div style=\"height:var(--wp--preset--spacing--40);width:0px\" aria-hidden=\"true\" class=\"wp-block-spacer wp-container-content-9d1f8957\"><\/div>\n<\/div>\n<\/div>\n<\/div>\n\n\n\n<figure class=\"wp-block-image alignwide size-full is-style-rounded is-style-rounded--1\"><img loading=\"lazy\" decoding=\"async\" width=\"811\" height=\"962\" src=\"https:\/\/knmskrei.no\/wp-content\/uploads\/2025\/02\/Scannet-bilde-bok-kontruktorene.png\" alt=\"\" class=\"wp-image-220\" srcset=\"https:\/\/knmskrei.no\/wp-content\/uploads\/2025\/02\/Scannet-bilde-bok-kontruktorene.png 811w, https:\/\/knmskrei.no\/wp-content\/uploads\/2025\/02\/Scannet-bilde-bok-kontruktorene-253x300.png 253w, https:\/\/knmskrei.no\/wp-content\/uploads\/2025\/02\/Scannet-bilde-bok-kontruktorene-768x911.png 768w\" sizes=\"auto, (max-width: 811px) 100vw, 811px\" \/><\/figure>\n<\/div>\n\n\n\n<div class=\"wp-block-group alignfull has-base-background-color has-background has-global-padding is-layout-constrained wp-container-core-group-is-layout-d89aad35 wp-block-group-is-layout-constrained\" style=\"margin-top:0;margin-bottom:0;padding-top:var(--wp--preset--spacing--50);padding-right:var(--wp--preset--spacing--50);padding-bottom:var(--wp--preset--spacing--50);padding-left:var(--wp--preset--spacing--50)\">\n<div class=\"wp-block-columns alignwide is-layout-flex wp-container-core-columns-is-layout-549b0c86 wp-block-columns-is-layout-flex\">\n<div class=\"wp-block-column has-global-padding is-content-justification-left is-layout-constrained wp-container-core-column-is-layout-4f15e8fe wp-block-column-is-layout-constrained\" style=\"flex-basis:40%\">\n<p><\/p>\n<\/div>\n\n\n\n<div class=\"wp-block-column is-layout-flow wp-container-core-column-is-layout-119bc444 wp-block-column-is-layout-flow\" style=\"flex-basis:60%\">\n<p class=\"has-heading-font-family has-x-large-font-size\" style=\"line-height:1.2\"><\/p>\n<\/div>\n<\/div>\n<\/div>\n\n\n\n<div class=\"wp-block-cover alignfull is-light has-parallax\" style=\"padding-top:var(--wp--preset--spacing--50);padding-right:var(--wp--preset--spacing--50);padding-bottom:var(--wp--preset--spacing--50);padding-left:var(--wp--preset--spacing--50);min-height:100vh;aspect-ratio:unset;\"><div class=\"wp-block-cover__image-background wp-image-29 has-parallax\" style=\"background-position:50% 50%;background-image:url(https:\/\/knmskrei.no\/wp-content\/uploads\/2024\/12\/Hellas.png)\"><\/div><span aria-hidden=\"true\" class=\"wp-block-cover__background has-base-background-color has-background-dim-0 has-background-dim\"><\/span><div class=\"wp-block-cover__inner-container has-global-padding is-layout-constrained wp-container-core-cover-is-layout-e4fd886c wp-block-cover-is-layout-constrained\">\n<div style=\"height:500px\" aria-hidden=\"true\" class=\"wp-block-spacer\"><\/div>\n<\/div><\/div>\n\n\n\n<div class=\"wp-block-group alignfull has-base-2-background-color has-background has-global-padding is-layout-constrained wp-container-core-group-is-layout-7cd14b77 wp-block-group-is-layout-constrained\" style=\"margin-top:0;margin-bottom:0;padding-top:var(--wp--preset--spacing--60);padding-right:var(--wp--preset--spacing--60);padding-bottom:var(--wp--preset--spacing--60);padding-left:var(--wp--preset--spacing--60)\">\n<div class=\"wp-block-group alignwide is-layout-flow wp-block-group-is-layout-flow\">\n<div style=\"height:var(--wp--preset--spacing--50)\" aria-hidden=\"true\" class=\"wp-block-spacer\"><\/div>\n<\/div>\n\n\n\n<div class=\"wp-block-group alignwide is-layout-flow wp-block-group-is-layout-flow\">\n<figure class=\"wp-block-image size-large is-resized\"><img loading=\"lazy\" decoding=\"async\" width=\"1024\" height=\"842\" src=\"https:\/\/knmskrei.no\/wp-content\/uploads\/2025\/02\/Scannet-bilde-bok-Nasty-s1-1024x842.png\" alt=\"\" class=\"wp-image-219\" style=\"width:1009px;height:auto\" srcset=\"https:\/\/knmskrei.no\/wp-content\/uploads\/2025\/02\/Scannet-bilde-bok-Nasty-s1-1024x842.png 1024w, https:\/\/knmskrei.no\/wp-content\/uploads\/2025\/02\/Scannet-bilde-bok-Nasty-s1-300x247.png 300w, https:\/\/knmskrei.no\/wp-content\/uploads\/2025\/02\/Scannet-bilde-bok-Nasty-s1-768x631.png 768w, https:\/\/knmskrei.no\/wp-content\/uploads\/2025\/02\/Scannet-bilde-bok-Nasty-s1.png 1119w\" sizes=\"auto, (max-width: 1024px) 100vw, 1024px\" \/><\/figure>\n\n\n\n<figure class=\"wp-block-image size-large is-resized\"><img loading=\"lazy\" decoding=\"async\" width=\"1024\" height=\"874\" src=\"https:\/\/knmskrei.no\/wp-content\/uploads\/2025\/02\/Scannet-bilde-bok-Nasty-s2-1024x874.png\" alt=\"\" class=\"wp-image-221\" style=\"width:1009px;height:auto\" srcset=\"https:\/\/knmskrei.no\/wp-content\/uploads\/2025\/02\/Scannet-bilde-bok-Nasty-s2-1024x874.png 1024w, https:\/\/knmskrei.no\/wp-content\/uploads\/2025\/02\/Scannet-bilde-bok-Nasty-s2-300x256.png 300w, https:\/\/knmskrei.no\/wp-content\/uploads\/2025\/02\/Scannet-bilde-bok-Nasty-s2-768x656.png 768w, https:\/\/knmskrei.no\/wp-content\/uploads\/2025\/02\/Scannet-bilde-bok-Nasty-s2.png 1162w\" sizes=\"auto, (max-width: 1024px) 100vw, 1024px\" \/><\/figure>\n\n\n\n<figure class=\"wp-block-image size-large\"><img loading=\"lazy\" decoding=\"async\" width=\"1024\" height=\"849\" src=\"https:\/\/knmskrei.no\/wp-content\/uploads\/2025\/02\/Scannet-bilde-bok-Nasty-s3-1024x849.png\" alt=\"\" class=\"wp-image-222\" srcset=\"https:\/\/knmskrei.no\/wp-content\/uploads\/2025\/02\/Scannet-bilde-bok-Nasty-s3-1024x849.png 1024w, https:\/\/knmskrei.no\/wp-content\/uploads\/2025\/02\/Scannet-bilde-bok-Nasty-s3-300x249.png 300w, https:\/\/knmskrei.no\/wp-content\/uploads\/2025\/02\/Scannet-bilde-bok-Nasty-s3-768x637.png 768w, https:\/\/knmskrei.no\/wp-content\/uploads\/2025\/02\/Scannet-bilde-bok-Nasty-s3.png 1178w\" sizes=\"auto, (max-width: 1024px) 100vw, 1024px\" \/><\/figure>\n\n\n\n<figure class=\"wp-block-image size-large\"><img loading=\"lazy\" decoding=\"async\" width=\"1024\" height=\"878\" src=\"https:\/\/knmskrei.no\/wp-content\/uploads\/2025\/02\/Scannet-bilde-bok-Nasty-s4-1024x878.png\" alt=\"\" class=\"wp-image-223\" srcset=\"https:\/\/knmskrei.no\/wp-content\/uploads\/2025\/02\/Scannet-bilde-bok-Nasty-s4-1024x878.png 1024w, https:\/\/knmskrei.no\/wp-content\/uploads\/2025\/02\/Scannet-bilde-bok-Nasty-s4-300x257.png 300w, https:\/\/knmskrei.no\/wp-content\/uploads\/2025\/02\/Scannet-bilde-bok-Nasty-s4-768x659.png 768w, https:\/\/knmskrei.no\/wp-content\/uploads\/2025\/02\/Scannet-bilde-bok-Nasty-s4.png 1140w\" sizes=\"auto, (max-width: 1024px) 100vw, 1024px\" \/><\/figure>\n\n\n\n<div style=\"height:var(--wp--preset--spacing--50)\" aria-hidden=\"true\" class=\"wp-block-spacer\"><\/div>\n<\/div>\n<\/div>\n\n\n\n<div class=\"wp-block-group alignfull has-base-2-color has-contrast-background-color has-text-color has-background has-link-color wp-elements-b62e81b067ecf40e5ac50d5c3874b1f4 has-global-padding is-layout-constrained wp-container-core-group-is-layout-facafb6f wp-block-group-is-layout-constrained\" style=\"margin-top:0;margin-bottom:0;padding-top:var(--wp--preset--spacing--50);padding-right:var(--wp--preset--spacing--50);padding-bottom:var(--wp--preset--spacing--50);padding-left:var(--wp--preset--spacing--50)\">\n<div class=\"wp-block-columns alignwide is-layout-flex wp-container-core-columns-is-layout-d1c656ed wp-block-columns-is-layout-flex\">\n<div class=\"wp-block-column is-vertically-aligned-stretch is-layout-flow wp-block-column-is-layout-flow\" style=\"padding-right:0;flex-basis:60%\">\n<div class=\"wp-block-group is-vertical is-content-justification-stretch is-layout-flex wp-container-core-group-is-layout-ae24f51d wp-block-group-is-layout-flex\" style=\"min-height:100%\"><\/div>\n<\/div>\n\n\n\n<div class=\"wp-block-column is-layout-flow wp-block-column-is-layout-flow\" style=\"flex-basis:40%\"><\/div>\n<\/div>\n<\/div>\n\n\n\n<div class=\"wp-block-group alignwide has-global-padding is-layout-constrained wp-block-group-is-layout-constrained\">\n<div class=\"wp-block-columns alignwide is-layout-flex wp-container-core-columns-is-layout-28f84493 wp-block-columns-is-layout-flex\">\n<div class=\"wp-block-column is-layout-flow wp-block-column-is-layout-flow\" style=\"flex-basis:100%\"><\/div>\n<\/div>\n<\/div>\n","protected":false},"excerpt":{"rendered":"<p>KNM Skrei og Nasty hadde ikke v\u00e6rt til uten konstrukt\u00f8rene. Under ser du utdrag fra b\u00f8kene om Jan Herman Linge og Kommand\u00f8rkaptein Harald Henriksen.<\/p>\n","protected":false},"author":1,"featured_media":0,"parent":0,"menu_order":0,"comment_status":"closed","ping_status":"closed","template":"","meta":{"footnotes":""},"class_list":["post-164","page","type-page","status-publish","hentry"],"_links":{"self":[{"href":"https:\/\/knmskrei.no\/index.php?rest_route=\/wp\/v2\/pages\/164","targetHints":{"allow":["GET"]}}],"collection":[{"href":"https:\/\/knmskrei.no\/index.php?rest_route=\/wp\/v2\/pages"}],"about":[{"href":"https:\/\/knmskrei.no\/index.php?rest_route=\/wp\/v2\/types\/page"}],"author":[{"embeddable":true,"href":"https:\/\/knmskrei.no\/index.php?rest_route=\/wp\/v2\/users\/1"}],"replies":[{"embeddable":true,"href":"https:\/\/knmskrei.no\/index.php?rest_route=%2Fwp%2Fv2%2Fcomments&post=164"}],"version-history":[{"count":18,"href":"https:\/\/knmskrei.no\/index.php?rest_route=\/wp\/v2\/pages\/164\/revisions"}],"predecessor-version":[{"id":294,"href":"https:\/\/knmskrei.no\/index.php?rest_route=\/wp\/v2\/pages\/164\/revisions\/294"}],"wp:attachment":[{"href":"https:\/\/knmskrei.no\/index.php?rest_route=%2Fwp%2Fv2%2Fmedia&parent=164"}],"curies":[{"name":"wp","href":"https:\/\/api.w.org\/{rel}","templated":true}]}}