{"id":65,"date":"2024-12-20T14:31:29","date_gmt":"2024-12-20T13:31:29","guid":{"rendered":"https:\/\/knmskrei.no\/?page_id=65"},"modified":"2025-09-26T13:29:57","modified_gmt":"2025-09-26T12:29:57","slug":"om-oss","status":"publish","type":"page","link":"https:\/\/knmskrei.no\/?page_id=65","title":{"rendered":"Styret"},"content":{"rendered":"\n<div class=\"wp-block-group has-global-padding is-layout-constrained wp-block-group-is-layout-constrained\">\n<div class=\"wp-block-buttons is-content-justification-center is-layout-flex wp-container-core-buttons-is-layout-a89b3969 wp-block-buttons-is-layout-flex\">\n<div class=\"wp-block-button\"><a class=\"wp-block-button__link wp-element-button\" href=\"https:\/\/knmskrei.no\/\">Hjem<\/a><\/div>\n\n\n\n<div class=\"wp-block-button\"><a class=\"wp-block-button__link wp-element-button\" href=\"https:\/\/knmskrei.no\/?page_id=73\">Historien<\/a><\/div>\n\n\n\n<div class=\"wp-block-button\"><a class=\"wp-block-button__link wp-element-button\" href=\"https:\/\/knmskrei.no\/?page_id=65\">Om oss<\/a><\/div>\n\n\n\n<div class=\"wp-block-button\"><a class=\"wp-block-button__link wp-element-button\" href=\"https:\/\/knmskrei.no\/?page_id=80\">St\u00f8tte?<\/a><\/div>\n\n\n\n<div class=\"wp-block-button\"><a class=\"wp-block-button__link wp-element-button\" href=\"https:\/\/knmskrei.no\/?page_id=155\">Media<\/a><\/div>\n\n\n\n<div class=\"wp-block-button\"><a class=\"wp-block-button__link wp-element-button\" href=\"https:\/\/knmskrei.no\/?page_id=164\">Konstrukt\u00f8rene<\/a><\/div>\n\n\n\n<div class=\"wp-block-button\"><a class=\"wp-block-button__link wp-element-button\" href=\"https:\/\/knmskrei.no\/?page_id=174\">B\u00e5tbyggeren<\/a><\/div>\n\n\n\n<div class=\"wp-block-button\"><a class=\"wp-block-button__link wp-element-button\" href=\"https:\/\/knmskrei.no\/?page_id=270\">Marin Historikk<\/a><\/div>\n<\/div>\n<\/div>\n\n\n\n<div class=\"wp-block-group alignfull has-accent-background-color has-background has-global-padding is-layout-constrained wp-container-core-group-is-layout-669513ed wp-block-group-is-layout-constrained\" style=\"margin-top:0;margin-bottom:0;padding-top:var(--wp--preset--spacing--50);padding-right:var(--wp--preset--spacing--50);padding-bottom:var(--wp--preset--spacing--50);padding-left:var(--wp--preset--spacing--50)\">\n<div class=\"wp-block-columns alignwide is-layout-flex wp-container-core-columns-is-layout-1da03c2a wp-block-columns-is-layout-flex\">\n<div class=\"wp-block-column is-vertically-aligned-stretch is-layout-flow wp-block-column-is-layout-flow\" style=\"flex-basis:50%\">\n<div class=\"wp-block-group is-vertical is-content-justification-stretch is-layout-flex wp-container-core-group-is-layout-444d5ee8 wp-block-group-is-layout-flex\" style=\"min-height:100%\">\n<p class=\"has-heading-font-family has-x-large-font-size\" style=\"line-height:1.2\">Hvem st\u00e5r bak?<\/p>\n\n\n\n<p class=\"has-heading-font-family has-medium-font-size\" style=\"line-height:1.2\">&laquo;KNM Skrei tilbake til Mandal&raquo; driftes p\u00e5 dugnad av denne engasjerte gjengen.<br><br>Styret best\u00e5r av \u00d8yvind Westermoen, Ralph Johannessen, Nils Reidar Christensen, Per Ree, Nils Eeg Sodeland. <br>Paul Storholt var ikke tilstede da bildet ble tatt<\/p>\n\n\n\n<div class=\"wp-block-group has-global-padding is-content-justification-left is-layout-constrained wp-container-core-group-is-layout-9fe8ed88 wp-block-group-is-layout-constrained\">\n<div class=\"wp-block-buttons is-layout-flex wp-block-buttons-is-layout-flex\"><\/div>\n<\/div>\n<\/div>\n<\/div>\n\n\n\n<div class=\"wp-block-column is-vertically-aligned-center is-layout-flow wp-block-column-is-layout-flow\" style=\"flex-basis:50%\">\n<figure class=\"wp-block-image size-full\"><img loading=\"lazy\" decoding=\"async\" width=\"2560\" height=\"1440\" src=\"https:\/\/knmskrei.no\/wp-content\/uploads\/2024\/12\/Styret-1-scaled.jpg\" alt=\"\" class=\"wp-image-67\" srcset=\"https:\/\/knmskrei.no\/wp-content\/uploads\/2024\/12\/Styret-1-scaled.jpg 2560w, https:\/\/knmskrei.no\/wp-content\/uploads\/2024\/12\/Styret-1-300x169.jpg 300w, https:\/\/knmskrei.no\/wp-content\/uploads\/2024\/12\/Styret-1-1024x576.jpg 1024w, https:\/\/knmskrei.no\/wp-content\/uploads\/2024\/12\/Styret-1-768x432.jpg 768w, https:\/\/knmskrei.no\/wp-content\/uploads\/2024\/12\/Styret-1-1536x864.jpg 1536w, https:\/\/knmskrei.no\/wp-content\/uploads\/2024\/12\/Styret-1-2048x1152.jpg 2048w\" sizes=\"auto, (max-width: 2560px) 100vw, 2560px\" \/><\/figure>\n<\/div>\n<\/div>\n<\/div>\n\n\n\n<figure class=\"wp-block-image size-large\"><img loading=\"lazy\" decoding=\"async\" width=\"768\" height=\"1024\" src=\"https:\/\/knmskrei.no\/wp-content\/uploads\/2024\/12\/styretmini-1-768x1024.jpg\" alt=\"\" class=\"wp-image-117\" srcset=\"https:\/\/knmskrei.no\/wp-content\/uploads\/2024\/12\/styretmini-1-768x1024.jpg 768w, https:\/\/knmskrei.no\/wp-content\/uploads\/2024\/12\/styretmini-1-225x300.jpg 225w, https:\/\/knmskrei.no\/wp-content\/uploads\/2024\/12\/styretmini-1-1152x1536.jpg 1152w, https:\/\/knmskrei.no\/wp-content\/uploads\/2024\/12\/styretmini-1-1536x2048.jpg 1536w, https:\/\/knmskrei.no\/wp-content\/uploads\/2024\/12\/styretmini-1-scaled.jpg 1920w\" sizes=\"auto, (max-width: 768px) 100vw, 768px\" \/><figcaption class=\"wp-element-caption\">Deler av styret, Paul Storholt til h\u00f8yre.<\/figcaption><\/figure>\n\n\n\n<div class=\"wp-block-group alignwide has-global-padding is-layout-constrained wp-block-group-is-layout-constrained\" style=\"padding-top:var(--wp--preset--spacing--50);padding-bottom:var(--wp--preset--spacing--50)\">\n<figure class=\"wp-block-image alignfull size-large\"><img loading=\"lazy\" decoding=\"async\" width=\"724\" height=\"1024\" src=\"https:\/\/knmskrei.no\/wp-content\/uploads\/2025\/09\/Utlan-av-KNM-Skrei-til-foreningen-KNM-Skrei-tilbake-til-Mandal-1-724x1024.jpg\" alt=\"\" class=\"wp-image-315\" srcset=\"https:\/\/knmskrei.no\/wp-content\/uploads\/2025\/09\/Utlan-av-KNM-Skrei-til-foreningen-KNM-Skrei-tilbake-til-Mandal-1-724x1024.jpg 724w, https:\/\/knmskrei.no\/wp-content\/uploads\/2025\/09\/Utlan-av-KNM-Skrei-til-foreningen-KNM-Skrei-tilbake-til-Mandal-1-212x300.jpg 212w, https:\/\/knmskrei.no\/wp-content\/uploads\/2025\/09\/Utlan-av-KNM-Skrei-til-foreningen-KNM-Skrei-tilbake-til-Mandal-1-768x1086.jpg 768w, https:\/\/knmskrei.no\/wp-content\/uploads\/2025\/09\/Utlan-av-KNM-Skrei-til-foreningen-KNM-Skrei-tilbake-til-Mandal-1.jpg 992w\" sizes=\"auto, (max-width: 724px) 100vw, 724px\" \/><\/figure>\n<\/div>\n","protected":false},"excerpt":{"rendered":"<p>Hvem st\u00e5r bak? &laquo;KNM Skrei tilbake til Mandal&raquo; driftes p\u00e5 dugnad av denne engasjerte gjengen. Styret best\u00e5r av \u00d8yvind Westermoen, Ralph Johannessen, Nils Reidar Christensen, Per Ree, Nils Eeg Sodeland. Paul Storholt var ikke tilstede da bildet ble tatt<\/p>\n","protected":false},"author":1,"featured_media":0,"parent":0,"menu_order":0,"comment_status":"closed","ping_status":"closed","template":"","meta":{"footnotes":""},"class_list":["post-65","page","type-page","status-publish","hentry"],"_links":{"self":[{"href":"https:\/\/knmskrei.no\/index.php?rest_route=\/wp\/v2\/pages\/65","targetHints":{"allow":["GET"]}}],"collection":[{"href":"https:\/\/knmskrei.no\/index.php?rest_route=\/wp\/v2\/pages"}],"about":[{"href":"https:\/\/knmskrei.no\/index.php?rest_route=\/wp\/v2\/types\/page"}],"author":[{"embeddable":true,"href":"https:\/\/knmskrei.no\/index.php?rest_route=\/wp\/v2\/users\/1"}],"replies":[{"embeddable":true,"href":"https:\/\/knmskrei.no\/index.php?rest_route=%2Fwp%2Fv2%2Fcomments&post=65"}],"version-history":[{"count":17,"href":"https:\/\/knmskrei.no\/index.php?rest_route=\/wp\/v2\/pages\/65\/revisions"}],"predecessor-version":[{"id":316,"href":"https:\/\/knmskrei.no\/index.php?rest_route=\/wp\/v2\/pages\/65\/revisions\/316"}],"wp:attachment":[{"href":"https:\/\/knmskrei.no\/index.php?rest_route=%2Fwp%2Fv2%2Fmedia&parent=65"}],"curies":[{"name":"wp","href":"https:\/\/api.w.org\/{rel}","templated":true}]}}