{"id":73,"date":"2024-12-20T14:31:34","date_gmt":"2024-12-20T13:31:34","guid":{"rendered":"https:\/\/knmskrei.no\/?page_id=73"},"modified":"2025-09-26T13:39:45","modified_gmt":"2025-09-26T12:39:45","slug":"historien","status":"publish","type":"page","link":"https:\/\/knmskrei.no\/?page_id=73","title":{"rendered":"Historien"},"content":{"rendered":"\n<div class=\"wp-block-buttons is-content-justification-center is-layout-flex wp-container-core-buttons-is-layout-a89b3969 wp-block-buttons-is-layout-flex\">\n<div class=\"wp-block-button\"><a class=\"wp-block-button__link wp-element-button\" href=\"https:\/\/knmskrei.no\/\">Hjem<\/a><\/div>\n\n\n\n<div class=\"wp-block-button\"><a class=\"wp-block-button__link wp-element-button\" href=\"https:\/\/knmskrei.no\/?page_id=73\">Historien<\/a><\/div>\n\n\n\n<div class=\"wp-block-button\"><a class=\"wp-block-button__link wp-element-button\" href=\"https:\/\/knmskrei.no\/?page_id=65\">Om oss<\/a><\/div>\n\n\n\n<div class=\"wp-block-button\"><a class=\"wp-block-button__link wp-element-button\" href=\"https:\/\/knmskrei.no\/?page_id=80\">St\u00f8tte?<\/a><\/div>\n\n\n\n<div class=\"wp-block-button\"><a class=\"wp-block-button__link wp-element-button\" href=\"https:\/\/knmskrei.no\/?page_id=155\">Media<\/a><\/div>\n\n\n\n<div class=\"wp-block-button\"><a class=\"wp-block-button__link wp-element-button\" href=\"https:\/\/knmskrei.no\/?page_id=164\">Konstrukt\u00f8rene<\/a><\/div>\n\n\n\n<div class=\"wp-block-button\"><a class=\"wp-block-button__link wp-element-button\" href=\"https:\/\/knmskrei.no\/?page_id=174\">B\u00e5tbyggeren<\/a><\/div>\n\n\n\n<div class=\"wp-block-button\"><a class=\"wp-block-button__link wp-element-button\" href=\"https:\/\/knmskrei.no\/?page_id=270\">Marin Historikk<\/a><\/div>\n<\/div>\n\n\n\n<div class=\"wp-block-group alignfull has-accent-background-color has-background has-global-padding is-layout-constrained wp-container-core-group-is-layout-669513ed wp-block-group-is-layout-constrained\" style=\"margin-top:0;margin-bottom:0;padding-top:var(--wp--preset--spacing--50);padding-right:var(--wp--preset--spacing--50);padding-bottom:var(--wp--preset--spacing--50);padding-left:var(--wp--preset--spacing--50)\">\n<div class=\"wp-block-columns alignwide is-layout-flex wp-container-core-columns-is-layout-1da03c2a wp-block-columns-is-layout-flex\">\n<div class=\"wp-block-column is-vertically-aligned-stretch is-layout-flow wp-block-column-is-layout-flow\" style=\"flex-basis:50%\">\n<div class=\"wp-block-group is-vertical is-content-justification-stretch is-layout-flex wp-container-core-group-is-layout-444d5ee8 wp-block-group-is-layout-flex\" style=\"min-height:100%\">\n<p class=\"has-heading-font-family has-xx-large-font-size\" style=\"line-height:1.2\">Historikk<br><\/p>\n\n\n\n<p class=\"has-heading-font-family has-x-large-font-size\" style=\"line-height:1.2\">&#8211; Napier Deltic \u2013 Dieselmoteren som var forutsetningen for Nasty.<\/p>\n\n\n\n<p>Tidlig p\u00e5 50-tallet leste skipskonstukt\u00f8r Jan Herman Linge om en ny kompakt dieselmotor i et fagblad. Den var tiltenkt mindre marinefart\u00f8y i den britiske fl\u00e5te. Den var meget spesiell ved at hver sylinder hadde to stempler, og sylindrene var plassert i en trekant.<\/p>\n\n\n\n<p>Det normale var rekke eller v-form. Den hadde totalt 18 sylindre i 3 rekker. Den hadde en ytelse p\u00e5 3100hk ved max turtall 2000 for en kort periode p\u00e5 ca. 15 minutter, normal drift var max 1700 omdr.<\/p>\n\n\n\n<p>Det var engelske D. Napier &amp; Son som i \u00e5rene 1947 til 1952 hadde utviklet maskinen p\u00e5 oppdrag fra the Admiralty.<\/p>\n\n\n\n<p>Motoren var en to-takter med turbo og fikk type-betegnelsen Deltic. Bruk av aluminium bidro til lav vekt.<\/p>\n\n\n\n<p class=\"has-heading-font-family has-x-large-font-size\" style=\"line-height:1.2\">Linges ide var \u00e5 anvende 2 slike maskiner i en MTB. De ble ogs\u00e5 anvendt i diesel-lokomotiver.<\/p>\n<\/div>\n<\/div>\n\n\n\n<div class=\"wp-block-column is-vertically-aligned-center is-layout-flow wp-block-column-is-layout-flow\" style=\"flex-basis:50%\">\n<figure class=\"wp-block-image size-full is-style-rounded is-style-rounded--1\"><img loading=\"lazy\" decoding=\"async\" width=\"374\" height=\"498\" src=\"https:\/\/knmskrei.no\/wp-content\/uploads\/2024\/12\/Motor-NapierD-1-edited.png\" alt=\"\" class=\"wp-image-75\" style=\"aspect-ratio:3\/4;object-fit:cover\" srcset=\"https:\/\/knmskrei.no\/wp-content\/uploads\/2024\/12\/Motor-NapierD-1-edited.png 374w, https:\/\/knmskrei.no\/wp-content\/uploads\/2024\/12\/Motor-NapierD-1-edited-225x300.png 225w\" sizes=\"auto, (max-width: 374px) 100vw, 374px\" \/><\/figure>\n<\/div>\n<\/div>\n<\/div>\n\n\n\n<div class=\"wp-block-group alignfull has-base-background-color has-background has-global-padding is-layout-constrained wp-container-core-group-is-layout-d89aad35 wp-block-group-is-layout-constrained\" style=\"margin-top:0;margin-bottom:0;padding-top:var(--wp--preset--spacing--50);padding-right:var(--wp--preset--spacing--50);padding-bottom:var(--wp--preset--spacing--50);padding-left:var(--wp--preset--spacing--50)\">\n<div class=\"wp-block-columns alignwide is-layout-flex wp-container-core-columns-is-layout-549b0c86 wp-block-columns-is-layout-flex\">\n<div class=\"wp-block-column has-global-padding is-content-justification-left is-layout-constrained wp-container-core-column-is-layout-4f15e8fe wp-block-column-is-layout-constrained\" style=\"flex-basis:40%\">\n<figure class=\"wp-block-image alignfull size-full\"><img loading=\"lazy\" decoding=\"async\" width=\"568\" height=\"474\" src=\"https:\/\/knmskrei.no\/wp-content\/uploads\/2024\/12\/Westermoen-batbyggeri-2-edited.png\" alt=\"\" class=\"wp-image-113\" srcset=\"https:\/\/knmskrei.no\/wp-content\/uploads\/2024\/12\/Westermoen-batbyggeri-2-edited.png 568w, https:\/\/knmskrei.no\/wp-content\/uploads\/2024\/12\/Westermoen-batbyggeri-2-edited-300x250.png 300w\" sizes=\"auto, (max-width: 568px) 100vw, 568px\" \/><\/figure>\n<\/div>\n\n\n\n<div class=\"wp-block-column is-layout-flow wp-container-core-column-is-layout-119bc444 wp-block-column-is-layout-flow\" style=\"flex-basis:60%\">\n<p class=\"has-heading-font-family has-x-large-font-size\" style=\"line-height:1.2\">I \u00e5rene 1953 \u2013 1955 hadde den norske marinen mottatt seks nye torpedob\u00e5ter fra norske b\u00e5tbyggere av typen Rapp, hvorav tre fra Westermoen B\u00e5tbyggeri AS i Mandal.<\/p>\n\n\n\n<p>Disse hadde kraftige bensinmotorer. Bensin er lett antennelig og var den gang ikke s\u00e5 tilgjengelig langs kysten i de kvanta som marinen hadde behov for, spesielt i Nord-Norge.<\/p>\n\n\n\n<p>Da Linge lanserte sitt konsept basert p\u00e5 diesel-motorer, fattet marinen interesse. Disse maskinene kunne bruke samme drivstoff som fiskefl\u00e5ten langs hele kysten.<\/p>\n\n\n\n<p class=\"has-small-font-size\" style=\"line-height:1.2\">Distribusjonen av dette drivstoffet var lagt mer utbygd, det var tilgjengelig i de \u00f8nskede kvanta langs <em>hele <\/em>kysten.<\/p>\n\n\n\n<p class=\"has-heading-font-family has-x-large-font-size\">Prototype Nasty bygges i Mandal<\/p>\n\n\n\n<p>Boat Service Ltd AS var en av aksjon\u00e6rene hos Westermoen. De hadde ogs\u00e5 en rolle som salgskontor i Oslo. Dette selskap kontraherte en prototype hos Westermoen i 1956. Den norske marinen betalte de 2 Napier Deltic motorene. Avtalen gikk ut p\u00e5 at Boat Service Ltd AS skulle disponere b\u00e5ten i 2 \u00e5r med tanke p\u00e5 salgsfremst\u00f8t internasjonalt.<\/p>\n\n\n\n<p>B\u00e5ten med sin lite milit\u00e6re gulfarge ble sj\u00f8satt tidlig h\u00f8st 1957 og presentert for pressen i oktober. B\u00e5ten innfridde alle forventningene.<\/p>\n\n\n\n<p class=\"has-heading-font-family has-x-large-font-size\">Viktig kontrakt med den norske marinen.<\/p>\n\n\n\n<p>Den norske marinen hadde i 1957 invitert aktuelle verft til \u00e5 gi anbud p\u00e5 5 MTB av Rapp-klassen, lik de som ble levert 1953 &#8211; 1955. Fristen gikk ut 1. september 1957. Nasty ble presentert for bl.a den norske marinen kort tid etter denne fristen. Omfattende tester ble gjennomf\u00f8rt de neste m\u00e5nedene. Resultat av disse testene var overbevisende. En tur over Nordsj\u00f8en ble gjort p\u00e5 kun 10 timer.<\/p>\n\n\n\n<p>Det resulterte i at den norske marinen i 1958 kontraherte 12 stykker ved verftet i Mandal. Den f\u00f8rste ble d\u00f8pt 22 august 1959. Det var stor stas med bes\u00f8k av Filmavisen og stor middag i Turnhallen.<\/p>\n\n\n\n<p>De norske b\u00e5tene hadde 4 torpedor\u00f8r, p\u00e5 akterdekket en luftvernkanon 40mm fra Bofors og p\u00e5 fordekket en 20mm mitralj\u00f8se fra Oerlikon.<\/p>\n\n\n\n<p>B\u00e5ten hadde et forhold mellom lengde og bredde p\u00e5 3 til 1 hvilket gjorde dem meget stabile.<\/p>\n<\/div>\n<\/div>\n\n\n\n<figure class=\"wp-block-image size-full\"><img loading=\"lazy\" decoding=\"async\" width=\"750\" height=\"387\" src=\"https:\/\/knmskrei.no\/wp-content\/uploads\/2024\/12\/kjol.png\" alt=\"\" class=\"wp-image-33\" srcset=\"https:\/\/knmskrei.no\/wp-content\/uploads\/2024\/12\/kjol.png 750w, https:\/\/knmskrei.no\/wp-content\/uploads\/2024\/12\/kjol-300x155.png 300w\" sizes=\"auto, (max-width: 750px) 100vw, 750px\" \/><\/figure>\n\n\n\n<p><\/p>\n\n\n\n<p class=\"has-heading-font-family has-x-large-font-size\">Betydning for lokalsamfunnet.<\/p>\n\n\n\n<p>Produksjonen av Nasty skulle f\u00e5 enorm betydning for sysselsetting og bosetning i Mandal p\u00e5 tidlig 60 \u2013 tall. Det ble produsert total hele 42 stykker, i tillegg til prototypen, fra 1959 til siste leveranse i mai 1967. Det vil si mer enn 1 b\u00e5t hvert kvartal i 9 \u00e5r.<\/p>\n\n\n\n<p>\u00b7 12 + 6 stk til den norske marine levert perioden 1959 &#8211; 1966<\/p>\n\n\n\n<p>\u00b7 2 stk til Vest-Tyskland 1960<\/p>\n\n\n\n<p>\u00b7 14 stk til USA 1962 \u2013 1965<\/p>\n\n\n\n<p>\u00b7 6 stk til Hellas 1966 &#8211; 1967<\/p>\n\n\n\n<p>Mandalittene var litt stolte av denne b\u00e5ten som bidro til \u00e5 sette byen p\u00e5 kartet. S\u00f8rlendinger har alltid behersket b\u00e5tbyggerfaget. Det grundige arbeid som ble lagt ned i alle detaljer gjorde b\u00e5tene solide og holdbare. Denne kompetansen, kombinert med dyktige konstrukt\u00f8rer og kapital utenfra, var selve suksess-oppskriften.<\/p>\n\n\n\n<p>Gr\u00fbnder Toralf Westermoen m\u00e5 tillegges en stor del av \u00e6ren for denne prosessen.<\/p>\n\n\n\n<figure class=\"wp-block-image size-full\"><img loading=\"lazy\" decoding=\"async\" width=\"690\" height=\"516\" src=\"https:\/\/knmskrei.no\/wp-content\/uploads\/2025\/01\/NybryggaMandal-1-edited-2.png\" alt=\"\" class=\"wp-image-153\" srcset=\"https:\/\/knmskrei.no\/wp-content\/uploads\/2025\/01\/NybryggaMandal-1-edited-2.png 690w, https:\/\/knmskrei.no\/wp-content\/uploads\/2025\/01\/NybryggaMandal-1-edited-2-300x224.png 300w\" sizes=\"auto, (max-width: 690px) 100vw, 690px\" \/><\/figure>\n<\/div>\n\n\n\n<div class=\"wp-block-group alignfull has-accent-5-background-color has-background has-global-padding is-layout-constrained wp-container-core-group-is-layout-d89aad35 wp-block-group-is-layout-constrained\" style=\"margin-top:0;margin-bottom:0;padding-top:var(--wp--preset--spacing--50);padding-right:var(--wp--preset--spacing--50);padding-bottom:var(--wp--preset--spacing--50);padding-left:var(--wp--preset--spacing--50)\">\n<div class=\"wp-block-columns alignwide is-layout-flex wp-container-core-columns-is-layout-1da03c2a wp-block-columns-is-layout-flex\">\n<div class=\"wp-block-column is-vertically-aligned-center is-layout-flow wp-block-column-is-layout-flow\" style=\"flex-basis:60%\">\n<figure class=\"wp-block-image size-full is-style-rounded wp-duotone-duotone-1 is-style-rounded--2\"><img loading=\"lazy\" decoding=\"async\" width=\"594\" height=\"423\" src=\"https:\/\/knmskrei.no\/wp-content\/uploads\/2024\/12\/SKrei-Provetur-edited.png\" alt=\"\" class=\"wp-image-114\" style=\"aspect-ratio:4\/3;object-fit:cover\" srcset=\"https:\/\/knmskrei.no\/wp-content\/uploads\/2024\/12\/SKrei-Provetur-edited.png 594w, https:\/\/knmskrei.no\/wp-content\/uploads\/2024\/12\/SKrei-Provetur-edited-300x214.png 300w\" sizes=\"auto, (max-width: 594px) 100vw, 594px\" \/><\/figure>\n<\/div>\n\n\n\n<div class=\"wp-block-column is-layout-flow wp-block-column-is-layout-flow\" style=\"flex-basis:40%\">\n<h2 class=\"wp-block-heading\">KNM Skrei p\u00e5 pr\u00f8vetur<\/h2>\n\n\n\n<p>17. oktober 1957.<br>Toppfart f\u00f8rste tur 43,2 knop.<br>Gismer\u00f8ya i bakgrunnen. <\/p>\n\n\n\n<div class=\"wp-block-buttons is-layout-flex wp-block-buttons-is-layout-flex\"><\/div>\n<\/div>\n<\/div>\n<\/div>\n\n\n\n<p><\/p>\n","protected":false},"excerpt":{"rendered":"<p>Historikk &#8211; Napier Deltic \u2013 Dieselmoteren som var forutsetningen for Nasty. Tidlig p\u00e5 50-tallet leste skipskonstukt\u00f8r Jan Herman Linge om en ny kompakt dieselmotor i et fagblad. Den var tiltenkt mindre marinefart\u00f8y i den britiske fl\u00e5te. Den var meget spesiell ved at hver sylinder hadde to stempler, og sylindrene var plassert i en trekant. Det [&hellip;]<\/p>\n","protected":false},"author":1,"featured_media":0,"parent":0,"menu_order":0,"comment_status":"closed","ping_status":"closed","template":"","meta":{"footnotes":""},"class_list":["post-73","page","type-page","status-publish","hentry"],"_links":{"self":[{"href":"https:\/\/knmskrei.no\/index.php?rest_route=\/wp\/v2\/pages\/73","targetHints":{"allow":["GET"]}}],"collection":[{"href":"https:\/\/knmskrei.no\/index.php?rest_route=\/wp\/v2\/pages"}],"about":[{"href":"https:\/\/knmskrei.no\/index.php?rest_route=\/wp\/v2\/types\/page"}],"author":[{"embeddable":true,"href":"https:\/\/knmskrei.no\/index.php?rest_route=\/wp\/v2\/users\/1"}],"replies":[{"embeddable":true,"href":"https:\/\/knmskrei.no\/index.php?rest_route=%2Fwp%2Fv2%2Fcomments&post=73"}],"version-history":[{"count":19,"href":"https:\/\/knmskrei.no\/index.php?rest_route=\/wp\/v2\/pages\/73\/revisions"}],"predecessor-version":[{"id":322,"href":"https:\/\/knmskrei.no\/index.php?rest_route=\/wp\/v2\/pages\/73\/revisions\/322"}],"wp:attachment":[{"href":"https:\/\/knmskrei.no\/index.php?rest_route=%2Fwp%2Fv2%2Fmedia&parent=73"}],"curies":[{"name":"wp","href":"https:\/\/api.w.org\/{rel}","templated":true}]}}