{"id":80,"date":"2024-12-20T14:31:22","date_gmt":"2024-12-20T13:31:22","guid":{"rendered":"https:\/\/knmskrei.no\/?page_id=80"},"modified":"2025-09-26T13:26:49","modified_gmt":"2025-09-26T12:26:49","slug":"80-2","status":"publish","type":"page","link":"https:\/\/knmskrei.no\/?page_id=80","title":{"rendered":"St\u00f8tte"},"content":{"rendered":"\n<div class=\"wp-block-buttons is-content-justification-center is-layout-flex wp-container-core-buttons-is-layout-a89b3969 wp-block-buttons-is-layout-flex\">\n<div class=\"wp-block-button\"><a class=\"wp-block-button__link wp-element-button\" href=\"https:\/\/knmskrei.no\/\">Hjem<\/a><\/div>\n\n\n\n<div class=\"wp-block-button\"><a class=\"wp-block-button__link wp-element-button\" href=\"https:\/\/knmskrei.no\/?page_id=73\">Historien<\/a><\/div>\n\n\n\n<div class=\"wp-block-button\"><a class=\"wp-block-button__link wp-element-button\" href=\"https:\/\/knmskrei.no\/?page_id=65\">Om oss<\/a><\/div>\n\n\n\n<div class=\"wp-block-button\"><a class=\"wp-block-button__link wp-element-button\" href=\"https:\/\/knmskrei.no\/?page_id=80\">St\u00f8tte?<\/a><\/div>\n\n\n\n<div class=\"wp-block-button\"><a class=\"wp-block-button__link wp-element-button\" href=\"https:\/\/knmskrei.no\/?page_id=155\">Media<\/a><\/div>\n\n\n\n<div class=\"wp-block-button\"><a class=\"wp-block-button__link wp-element-button\" href=\"https:\/\/knmskrei.no\/?page_id=164\">Konstrukt\u00f8rene<\/a><\/div>\n\n\n\n<div class=\"wp-block-button\"><a class=\"wp-block-button__link wp-element-button\" href=\"https:\/\/knmskrei.no\/?page_id=174\">B\u00e5tbyggeren<\/a><\/div>\n\n\n\n<div class=\"wp-block-button\"><a class=\"wp-block-button__link wp-element-button\" href=\"https:\/\/knmskrei.no\/?page_id=270\">Marin Historikk<\/a><\/div>\n<\/div>\n\n\n\n<p class=\"has-heading-font-family has-xx-large-font-size\">For deg som vil bidra<\/p>\n\n\n\n<div class=\"wp-block-group alignfull has-accent-4-background-color has-background has-global-padding is-layout-constrained wp-container-core-group-is-layout-669513ed wp-block-group-is-layout-constrained\" style=\"min-height:100vh;margin-top:0;margin-bottom:0;padding-top:var(--wp--preset--spacing--50);padding-right:var(--wp--preset--spacing--50);padding-bottom:var(--wp--preset--spacing--50);padding-left:var(--wp--preset--spacing--50)\">\n<div class=\"wp-block-columns alignwide are-vertically-aligned-center is-layout-flex wp-container-core-columns-is-layout-47c06fe3 wp-block-columns-is-layout-flex\">\n<div class=\"wp-block-column is-vertically-aligned-center is-layout-flow wp-block-column-is-layout-flow\" style=\"flex-basis:40%\">\n<div class=\"wp-block-group is-layout-flow wp-container-core-group-is-layout-8f7ed23f wp-block-group-is-layout-flow\" style=\"min-height:100%;margin-top:0;margin-bottom:0;padding-right:0;padding-left:0\">\n<h1 class=\"wp-block-heading has-text-align-right\" style=\"margin-right:0;margin-left:calc( var(--wp--preset--spacing--20) * -1);font-size:clamp(3.037rem, 3.037rem + ((1vw - 0.2rem) * 4.938), 6rem);line-height:1;writing-mode:vertical-rl\">Takk <br>for din st\u00f8tte<\/h1>\n\n\n\n<div class=\"wp-block-group is-vertical is-layout-flex wp-container-core-group-is-layout-a4f8cc12 wp-block-group-is-layout-flex\" style=\"padding-right:0;padding-left:0\">\n<p>Ditt bidrag teller!<\/p>\n\n\n\n<div class=\"wp-block-buttons alignwide is-layout-flex wp-container-core-buttons-is-layout-ea8b11be wp-block-buttons-is-layout-flex\">\n<div class=\"wp-block-button is-style-fill\"><a class=\"wp-block-button__link wp-element-button\">Vipps: 94 86 51<\/a><\/div>\n\n\n\n<div class=\"wp-block-button\"><a class=\"wp-block-button__link wp-element-button\">Kontonummer: 3030 42 81541<\/a><\/div>\n<\/div>\n<\/div>\n<\/div>\n<\/div>\n\n\n\n<div class=\"wp-block-column is-vertically-aligned-top is-layout-flow wp-block-column-is-layout-flow\" style=\"flex-basis:60%\">\n<figure class=\"wp-block-image size-full is-resized is-style-rounded is-style-rounded--1\"><img loading=\"lazy\" decoding=\"async\" width=\"520\" height=\"363\" src=\"https:\/\/knmskrei.no\/wp-content\/uploads\/2025\/01\/KNMTjeld-edited.png\" alt=\"\" class=\"wp-image-157\" style=\"aspect-ratio:0.75;object-fit:cover;width:689px;height:auto\" srcset=\"https:\/\/knmskrei.no\/wp-content\/uploads\/2025\/01\/KNMTjeld-edited.png 520w, https:\/\/knmskrei.no\/wp-content\/uploads\/2025\/01\/KNMTjeld-edited-300x209.png 300w\" sizes=\"auto, (max-width: 520px) 100vw, 520px\" \/><\/figure>\n<\/div>\n<\/div>\n<\/div>\n\n\n\n<p class=\"has-system-sans-serif-font-family has-large-font-size\" style=\"border-radius:0px\"><strong>Informasjon til deg som vil st\u00f8tte oss:<\/strong><\/p>\n\n\n\n<p><strong>Anmodning om st\u00f8tte av deres deltakelse i v\u00e5r kampanje om \u00e5 f\u00e5 mange venner og supportere tilsluttet v\u00e5r forenings m\u00e5lsetning om \u00e5 f\u00e5 den siste eksisterende motortorpedob\u00e5ten \u00abKNM Skrei tilbake til Mandal\u00bb, i fullskala.<\/strong><\/p>\n\n\n\n<p>Om dere enkelvise medlemmer, bedrifter og andre n\u00e6ringsdrivende forh\u00e5pentligvis \u00f8nsker \u00e5 innbetale kr. 100, eller <em><u>med ett mye st\u00f8rre bel\u00f8p<\/u><\/em>, blir dere alle st\u00f8ttespillere i forhold til potensielle politikere og fremtidige finansielle samarbeidspartnere om den lokale plasseringen og i totalfinansieringen.<\/p>\n\n\n\n<p>V\u00e5r forening har ambisjoner om at mist 500 til 1000 landsomfattende supportere, i fra Lindesnes kommune, fra B\u00f8mlo, Stord, forsvarsrelaterte, \u00abMTB-pensjonister\u00bb og andre fra hele Norge \u00f8nsker \u00e5 st\u00f8tte v\u00e5rt prosjekt.<\/p>\n\n\n\n<figure class=\"wp-block-image size-full\"><img loading=\"lazy\" decoding=\"async\" width=\"571\" height=\"398\" src=\"https:\/\/knmskrei.no\/wp-content\/uploads\/2024\/12\/KNMTjeld-edited.png\" alt=\"\" class=\"wp-image-127\" srcset=\"https:\/\/knmskrei.no\/wp-content\/uploads\/2024\/12\/KNMTjeld-edited.png 571w, https:\/\/knmskrei.no\/wp-content\/uploads\/2024\/12\/KNMTjeld-edited-300x209.png 300w\" sizes=\"auto, (max-width: 571px) 100vw, 571px\" \/><\/figure>\n\n\n\n<p>Styret jobber hardt p\u00e5 dugnad for lykkes i v\u00e5rt langsiktige perspektiv med \u00e5 f\u00e5 \u00abKNM Skrei\u00bb trygt plassert under glasshuset p\u00e5 Ballastbrygga i Mandal, og innen 2027. S\u00e5 langt mottar vi <strong><em><u>kun<\/u><\/em><\/strong> positive tilbakemeldinger, ogs\u00e5 fra Lindesnes kommunes ordf\u00f8rer, varaordf\u00f8rer og andre politikere, b\u00e5de lokalt og p\u00e5 fylkesniv\u00e5.&nbsp;<\/p>\n\n\n\n<p>Om v\u00e5re tilkomne nye venner og supportere har behov for flere generelle og fortl\u00f8pende nye informasjoner kan v\u00e5r aktivitet f\u00f8lges p\u00e5 v\u00e5re nettsider og p\u00e5 v\u00e5r face-book-side om prosjektets fremdrift, konferer prosjektets adresser nederst p\u00e5 denne siden.<\/p>\n\n\n\n<p>Om dere synes dette er en god ide og vil st\u00f8tte prosjektet, vippser dere minst kr 100,- og sender oss deres fulle navn, adresse, e: postadresse og mobilnummer til <strong>\u00abkontakt@knmskrei.no\u00bb<\/strong> samtidig, slik at vi eventuelt f\u00e5r anledning til \u00e5 kontakte dere om n\u00f8dvendig. Alle deres informasjoner vil bli h\u00e5ndtert anonymt.<\/p>\n\n\n\n<p>Uansett utfallet av dette relativt langsiktige prosjektet vil <em><u>ikke<\/u><\/em> de innbetalte summer bli refundert.<\/p>\n\n\n\n<p>Foreningen \u00abKNM Skrei tilbake til Mandal\u00bb er allerede st\u00f8ttet \u00f8konomisk av Agder Fylkeskommune.<\/p>\n\n\n\n<p>V\u00e5r forening h\u00e5per at alle dere g\u00e5r med p\u00e5 engasjementet og st\u00f8tter oss snarest i v\u00e5rt initiativ med denne siste muligheten til \u00e5 f\u00e5 \u00abKNM Skrei tilbake til Mandal\u00bb.<\/p>\n\n\n\n<p class=\"has-system-sans-serif-font-family\"><strong>Takk!<\/strong><\/p>\n\n\n\n<p><\/p>\n\n\n\n<p><\/p>\n","protected":false},"excerpt":{"rendered":"<p>For deg som vil bidra Takk for din st\u00f8tte Ditt bidrag teller! Informasjon til deg som vil st\u00f8tte oss: Anmodning om st\u00f8tte av deres deltakelse i v\u00e5r kampanje om \u00e5 f\u00e5 mange venner og supportere tilsluttet v\u00e5r forenings m\u00e5lsetning om \u00e5 f\u00e5 den siste eksisterende motortorpedob\u00e5ten \u00abKNM Skrei tilbake til Mandal\u00bb, i fullskala. Om dere [&hellip;]<\/p>\n","protected":false},"author":1,"featured_media":0,"parent":0,"menu_order":0,"comment_status":"closed","ping_status":"closed","template":"","meta":{"footnotes":""},"class_list":["post-80","page","type-page","status-publish","hentry"],"_links":{"self":[{"href":"https:\/\/knmskrei.no\/index.php?rest_route=\/wp\/v2\/pages\/80","targetHints":{"allow":["GET"]}}],"collection":[{"href":"https:\/\/knmskrei.no\/index.php?rest_route=\/wp\/v2\/pages"}],"about":[{"href":"https:\/\/knmskrei.no\/index.php?rest_route=\/wp\/v2\/types\/page"}],"author":[{"embeddable":true,"href":"https:\/\/knmskrei.no\/index.php?rest_route=\/wp\/v2\/users\/1"}],"replies":[{"embeddable":true,"href":"https:\/\/knmskrei.no\/index.php?rest_route=%2Fwp%2Fv2%2Fcomments&post=80"}],"version-history":[{"count":16,"href":"https:\/\/knmskrei.no\/index.php?rest_route=\/wp\/v2\/pages\/80\/revisions"}],"predecessor-version":[{"id":314,"href":"https:\/\/knmskrei.no\/index.php?rest_route=\/wp\/v2\/pages\/80\/revisions\/314"}],"wp:attachment":[{"href":"https:\/\/knmskrei.no\/index.php?rest_route=%2Fwp%2Fv2%2Fmedia&parent=80"}],"curies":[{"name":"wp","href":"https:\/\/api.w.org\/{rel}","templated":true}]}}